{"id":820,"date":"2020-10-08T09:11:08","date_gmt":"2020-10-08T09:11:08","guid":{"rendered":"https:\/\/envinor.com\/teste\/?page_id=820"},"modified":"2021-01-06T19:37:21","modified_gmt":"2021-01-06T19:37:21","slug":"envinor-vidros-e-acessorios-relacionados","status":"publish","type":"page","link":"https:\/\/envinor.com\/","title":{"rendered":"Envinor &#8211; Solu\u00e7\u00f5es em vidro para os seus projetos"},"content":{"rendered":"<div class=\"wpb-content-wrapper\"><p>[vc_row has_content=&#8221;true&#8221;][vc_column][rev_slider_vc alias=&#8221;Envinor&#8221;][\/vc_column][\/vc_row][vc_row full_width=&#8221;stretch_row&#8221; css=&#8221;.vc_custom_1602146547515{padding-top: 30px !important;padding-bottom: 50px !important;}&#8221; has_content=&#8221;false&#8221;][vc_column]<div class='container'><div class='row owly'><div class='col-md-6 col-xs-6'><h2 style='color:#0a4c88;'>OS NOSSOS PROJETOS<\/h2><\/div><div class='col-xs-6 col-md-6 align-right'><a class='owlprev' style='background:#0a4c88;'><i class='fa fa-chevron-left' style='color:#c1c1c1;'><\/i><\/a><a class='owlnext' style='background:#0a4c88;'><i class='fa fa-chevron-right' style='color:#c1c1c1;'><\/i><\/a><\/div><\/div><\/div><ul class='owl-carousel recentportfolio clearfix' data-col=4><li class='item item-type-line'><a class='item-hover' href=https:\/\/envinor.com\/?portfolio=espelho-wc><div class='mask'><\/div><div class='item-info'><div class='headline'><h2>Espelho WC<\/h2><\/div><\/div><\/a><div class='item-img'><img loading=\"lazy\" decoding=\"async\" width=\"360\" height=\"267\" src=\"https:\/\/envinor.com\/wp-content\/uploads\/2024\/02\/espelho-wc-360x267.png\" class=\"attachment-post-thumb size-post-thumb wp-post-image\" alt=\"espelho-wc\" \/><\/div><\/li><li class='item item-type-line'><a class='item-hover' href=https:\/\/envinor.com\/?portfolio=cozinha-em-vidro-extraclaro-lacado-a-cinza><div class='mask'><\/div><div class='item-info'><div class='headline'><h2>Cozinha em vidro extraclaro lacado a cinza<\/h2><\/div><\/div><\/a><div class='item-img'><img loading=\"lazy\" decoding=\"async\" width=\"360\" height=\"267\" src=\"https:\/\/envinor.com\/wp-content\/uploads\/2024\/02\/Cozinha-em-vidro-extraclaro-lacado-a-cinza-360x267.png\" class=\"attachment-post-thumb size-post-thumb wp-post-image\" alt=\"Cozinha em vidro extraclaro lacado a cinza\" \/><\/div><\/li><li class='item item-type-line'><a class='item-hover' href=https:\/\/envinor.com\/?portfolio=divisoria-porta-escada-vidro-temperado-gris><div class='mask'><\/div><div class='item-info'><div class='headline'><h2>Divis\u00f3ria + Portas + Escadas interiores em vidro temperado gris<\/h2><\/div><\/div><\/a><div class='item-img'><img src='https:\/\/envinor.com\/wp-content\/uploads\/2024\/01\/divisoria-interior-vidro-gris-360x267.png' \/><\/div><\/li><li class='item item-type-line'><a class='item-hover' href=https:\/\/envinor.com\/?portfolio=guarda-de-varanda-em-vidro-temperado-gris><div class='mask'><\/div><div class='item-info'><div class='headline'><h2>Guarda de varanda em vidro temperado gris<\/h2><\/div><\/div><\/a><div class='item-img'><img loading=\"lazy\" decoding=\"async\" width=\"360\" height=\"267\" src=\"https:\/\/envinor.com\/wp-content\/uploads\/2024\/01\/guarda-varanda-vidro-temperado-gris-1-360x267.png\" class=\"attachment-post-thumb size-post-thumb wp-post-image\" alt=\"guarda varanda vidro temperado gris 1\" \/><\/div><\/li><li class='item item-type-line'><a class='item-hover' href=https:\/\/envinor.com\/?portfolio=guarda-de-escada-em-vidro-temperado-incolor><div class='mask'><\/div><div class='item-info'><div class='headline'><h2>Guarda de escada em vidro temperado incolor<\/h2><\/div><\/div><\/a><div class='item-img'><img src='https:\/\/envinor.com\/wp-content\/uploads\/2024\/01\/escadas-vidro-temperado-botoes-afastadores-1-360x267.png' \/><\/div><\/li><li class='item item-type-line'><a class='item-hover' href=https:\/\/envinor.com\/?portfolio=quiosque-em-vidro-temperado-laminado><div class='mask'><\/div><div class='item-info'><div class='headline'><h2>Quiosque em vidro temperado\/laminado<\/h2><\/div><\/div><\/a><div class='item-img'><img loading=\"lazy\" decoding=\"async\" width=\"360\" height=\"267\" src=\"https:\/\/envinor.com\/wp-content\/uploads\/2024\/01\/Novo-Projeto7-360x267.png\" class=\"attachment-post-thumb size-post-thumb wp-post-image\" alt=\"quiosque vidro temperado laminado 1\" \/><\/div><\/li><li class='item item-type-line'><a class='item-hover' href=https:\/\/envinor.com\/?portfolio=piso-em-vidro-temperado-laminado><div class='mask'><\/div><div class='item-info'><div class='headline'><h2>Piso em vidro temperado laminado<\/h2><\/div><\/div><\/a><div class='item-img'><img loading=\"lazy\" decoding=\"async\" width=\"360\" height=\"267\" src=\"https:\/\/envinor.com\/wp-content\/uploads\/2024\/01\/piso-vidro-laminado-temperado-1-360x267.png\" class=\"attachment-post-thumb size-post-thumb wp-post-image\" alt=\"piso em vidro laminado temperado\" \/><\/div><\/li><li class='item item-type-line'><a class='item-hover' href=https:\/\/envinor.com\/?portfolio=resguardo-de-duche-com-sistema-de-abrir-em-fole><div class='mask'><\/div><div class='item-info'><div class='headline'><h2>Resguardo de duche com sistema de abrir em fole<\/h2><\/div><\/div><\/a><div class='item-img'><img loading=\"lazy\" decoding=\"async\" width=\"360\" height=\"267\" src=\"https:\/\/envinor.com\/wp-content\/uploads\/2021\/09\/resguardo-fole-vidro-temperado-site-1-360x267.png\" class=\"attachment-post-thumb size-post-thumb wp-post-image\" alt=\"resguardo fole vidro temperado site 1\" \/><\/div><\/li><li class='item item-type-line'><a class='item-hover' href=https:\/\/envinor.com\/?portfolio=guardas-de-varanda-em-vidro-temperado-incolor-com-prumos-de-fixacao><div class='mask'><\/div><div class='item-info'><div class='headline'><h2>Guardas de varanda em vidro temperado incolor com prumos de fixa\u00e7\u00e3o<\/h2><\/div><\/div><\/a><div class='item-img'><img loading=\"lazy\" decoding=\"async\" width=\"360\" height=\"267\" src=\"https:\/\/envinor.com\/wp-content\/uploads\/2021\/06\/guarda-varanda-vidro-temperado-prumos-360x267.png\" class=\"attachment-post-thumb size-post-thumb wp-post-image\" alt=\"guarda varanda vidro temperado prumos\" \/><\/div><\/li><li class='item item-type-line'><a class='item-hover' href=https:\/\/envinor.com\/?portfolio=parede-de-cozinha-em-vidro-extraclaro-lacado-azul><div class='mask'><\/div><div class='item-info'><div class='headline'><h2>Parede de cozinha em vidro extraclaro lacado azul<\/h2><\/div><\/div><\/a><div class='item-img'><img loading=\"lazy\" decoding=\"async\" width=\"360\" height=\"267\" src=\"https:\/\/envinor.com\/wp-content\/uploads\/2021\/06\/parede-entre-moveis-cozinha-revestida-vidro-extraclaro-lacado-azul1-360x267.png\" class=\"attachment-post-thumb size-post-thumb wp-post-image\" alt=\"parede entre m\u00f3veis cozinha revestida vidro extraclaro lacado azul\" \/><\/div><\/li><\/ul>[vc_btn title=&#8221;Ver Mais&#8221; style=&#8221;classic&#8221; shape=&#8221;round&#8221; color=&#8221;primary&#8221; align=&#8221;center&#8221; link=&#8221;url:https%3A%2F%2Fenvinor.com%2Fprojetos%2F|title:Projetos&#8221;][\/vc_column][\/vc_row][vc_row full_width=&#8221;stretch_row&#8221; css=&#8221;.vc_custom_1602146547515{padding-top: 30px !important;padding-bottom: 50px !important;}&#8221; has_content=&#8221;false&#8221;][vc_column][vc_basic_grid post_type=&#8221;post&#8221; max_items=&#8221;3&#8243; item=&#8221;1273&#8243; grid_id=&#8221;vc_gid:1609961777555-7d387e50-05cc-10&#8243;][vc_empty_space height=&#8221;20&#8243;][vc_btn title=&#8221;Ver Mais&#8221; style=&#8221;classic&#8221; shape=&#8221;round&#8221; color=&#8221;primary&#8221; align=&#8221;center&#8221; link=&#8221;url:https%3A%2F%2Fenvinor.com%2Fblog|title:Blog&#8221; css=&#8221;.vc_custom_1609961732566{padding-top: 10px !important;}&#8221;][\/vc_column][\/vc_row][vc_row css=&#8221;.vc_custom_1602146386742{margin-top: 100px !important;margin-bottom: 100px !important;}&#8221;][vc_column width=&#8221;1\/3&#8243;][vc_single_image image=&#8221;1031&#8243; img_size=&#8221;full&#8221;]<h5 class='heading-left  style-1'  style='color: #0a4c88'><span>A ENVINOR<\/span><\/h5>[vc_column_text]Breve Apresenta\u00e7\u00e3o[\/vc_column_text][vc_empty_space height=&#8221;20&#8243;][vc_column_text]A ENVINOR \u2013 Empresa de Vidros do Norte, Lda., fundada em 1995 na Zona Industrial da Maia, dedica-se ao com\u00e9rcio e coloca\u00e7\u00e3o de todos os tipos de vidros, espelhos e acess\u00f3rios relacionados.[\/vc_column_text][vc_column_text]<\/p>\n<h6><span style=\"color: #0a4c88;\"><strong><a style=\"color: #0a4c88;\" href=\"http:\/\/envinor.com\/website\/quem-somos\/\">LER MAIS<\/a><\/strong><\/span><\/h6>\n<p>[\/vc_column_text][\/vc_column][vc_column width=&#8221;1\/3&#8243;][vc_single_image image=&#8221;822&#8243; img_size=&#8221;full&#8221;]<h5 class='heading-left  style-1'  style='color: #0a4c88'><span>OS NOSSOS PRODUTOS<\/span><\/h5>[vc_column_text]Vidros e Acess\u00f3rios Relacionados[\/vc_column_text][vc_empty_space height=&#8221;20&#8243;][vc_column_text]Comercializamos topo o tipo de vidros, complementos e acess\u00f3rios relacionados, produzidos de forma a respeitar\u00a0os mais exigentes\u00a0padr\u00f5es de qualidade, seguran\u00e7a e\u00a0est\u00e9tica.[\/vc_column_text][vc_empty_space height=&#8221;20&#8243;][vc_column_text]<\/p>\n<h6><a href=\"https:\/\/envinor.com\/teste\/produtos\/\"><span style=\"color: #0a4c88;\"><strong>LER MAIS<\/strong><\/span><\/a><\/h6>\n<p>[\/vc_column_text][\/vc_column][vc_column width=&#8221;1\/3&#8243;][vc_single_image image=&#8221;823&#8243; img_size=&#8221;full&#8221;]<h5 class='heading-left  style-1'  style='color: #0a4c88'><span>OS NOSSOS SERVI\u00c7OS<\/span><\/h5>[vc_column_text]Para al\u00e9m de produzir\u00a0vidros&#8230;[\/vc_column_text][vc_empty_space height=&#8221;20&#8243;][vc_column_text]Prestamos uma variedade de servi\u00e7os para o mercado comercial, industrial e residencial.<br \/>\nGarantimos qualidade, profissionalismo e rapidez em todos os nossos servi\u00e7os.[\/vc_column_text][vc_empty_space height=&#8221;20&#8243;][vc_column_text]<\/p>\n<h6><a href=\"https:\/\/envinor.com\/teste\/produtos\/#servicos\"><span style=\"color: #0a4c88;\"><strong>LER MAIS<\/strong><\/span><\/a><\/h6>\n<p>[\/vc_column_text][\/vc_column][\/vc_row]<\/p>\n<\/div>","protected":false},"excerpt":{"rendered":"<p>[vc_row has_content=&#8221;true&#8221;][vc_column][rev_slider_vc alias=&#8221;Envinor&#8221;][\/vc_column][\/vc_row][vc_row full_width=&#8221;stretch_row&#8221; css=&#8221;.vc_custom_1602146547515{padding-top: 30px !important;padding-bottom: 50px !important;}&#8221; has_content=&#8221;false&#8221;][vc_column][vc_btn title=&#8221;Ver Mais&#8221; style=&#8221;classic&#8221; shape=&#8221;round&#8221; color=&#8221;primary&#8221; align=&#8221;center&#8221; link=&#8221;url:https%3A%2F%2Fenvinor.com%2Fprojetos%2F|title:Projetos&#8221;][\/vc_column][\/vc_row][vc_row full_width=&#8221;stretch_row&#8221; css=&#8221;.vc_custom_1602146547515{padding-top: 30px !important;padding-bottom: 50px !important;}&#8221; has_content=&#8221;false&#8221;][vc_column][vc_basic_grid post_type=&#8221;post&#8221; max_items=&#8221;3&#8243; item=&#8221;1273&#8243; grid_id=&#8221;vc_gid:1609961777555-7d387e50-05cc-10&#8243;][vc_empty_space height=&#8221;20&#8243;][vc_btn title=&#8221;Ver Mais&#8221; style=&#8221;classic&#8221; shape=&#8221;round&#8221; color=&#8221;primary&#8221; align=&#8221;center&#8221; link=&#8221;url:https%3A%2F%2Fenvinor.com%2Fblog|title:Blog&#8221; css=&#8221;.vc_custom_1609961732566{padding-top: 10px !important;}&#8221;][\/vc_column][\/vc_row][vc_row css=&#8221;.vc_custom_1602146386742{margin-top:&#8230;<\/p>\n","protected":false},"author":1,"featured_media":1223,"parent":0,"menu_order":0,"comment_status":"open","ping_status":"open","template":"","meta":{"footnotes":""},"class_list":["post-820","page","type-page","status-publish","has-post-thumbnail","hentry"],"yoast_head":"<!-- This site is optimized with the Yoast SEO plugin v25.3.1 - https:\/\/yoast.com\/wordpress\/plugins\/seo\/ -->\n<title>Envinor - Solu\u00e7\u00f5es em vidro para os seus projetos<\/title>\n<meta name=\"description\" content=\"25 anos de experi\u00eancia no com\u00e9rcio e coloca\u00e7\u00e3o de vidros, espelhos e acess\u00f3rios. D\u00ea asas ao seu projeto - n\u00f3s tratamos do vidro!\" \/>\n<meta name=\"robots\" content=\"index, follow, max-snippet:-1, max-image-preview:large, max-video-preview:-1\" \/>\n<link rel=\"canonical\" href=\"https:\/\/envinor.com\/\" \/>\n<meta property=\"og:locale\" content=\"pt_PT\" \/>\n<meta property=\"og:type\" content=\"article\" \/>\n<meta property=\"og:title\" content=\"Envinor - Solu\u00e7\u00f5es em vidro para os seus projetos\" \/>\n<meta property=\"og:description\" content=\"25 anos de experi\u00eancia no com\u00e9rcio e coloca\u00e7\u00e3o de vidros, espelhos e acess\u00f3rios. D\u00ea asas ao seu projeto - n\u00f3s tratamos do vidro!\" \/>\n<meta property=\"og:url\" content=\"https:\/\/envinor.com\/\" \/>\n<meta property=\"og:site_name\" content=\"Envinor\" \/>\n<meta property=\"article:modified_time\" content=\"2021-01-06T19:37:21+00:00\" \/>\n<meta property=\"og:image\" content=\"https:\/\/envinor.com\/wp-content\/uploads\/2020\/11\/guarda-de-varanda-em-vidro-laminado.jpeg\" \/>\n\t<meta property=\"og:image:width\" content=\"1024\" \/>\n\t<meta property=\"og:image:height\" content=\"768\" \/>\n\t<meta property=\"og:image:type\" content=\"image\/jpeg\" \/>\n<meta name=\"twitter:card\" content=\"summary_large_image\" \/>\n<meta name=\"twitter:label1\" content=\"Tempo estimado de leitura\" \/>\n\t<meta name=\"twitter:data1\" content=\"2 minutos\" \/>\n<script type=\"application\/ld+json\" class=\"yoast-schema-graph\">{\"@context\":\"https:\/\/schema.org\",\"@graph\":[{\"@type\":\"WebPage\",\"@id\":\"https:\/\/envinor.com\/\",\"url\":\"https:\/\/envinor.com\/\",\"name\":\"Envinor - Solu\u00e7\u00f5es em vidro para os seus projetos\",\"isPartOf\":{\"@id\":\"https:\/\/envinor.com\/#website\"},\"primaryImageOfPage\":{\"@id\":\"https:\/\/envinor.com\/#primaryimage\"},\"image\":{\"@id\":\"https:\/\/envinor.com\/#primaryimage\"},\"thumbnailUrl\":\"https:\/\/envinor.com\/wp-content\/uploads\/2020\/11\/guarda-de-varanda-em-vidro-laminado.jpeg\",\"datePublished\":\"2020-10-08T09:11:08+00:00\",\"dateModified\":\"2021-01-06T19:37:21+00:00\",\"description\":\"25 anos de experi\u00eancia no com\u00e9rcio e coloca\u00e7\u00e3o de vidros, espelhos e acess\u00f3rios. D\u00ea asas ao seu projeto - n\u00f3s tratamos do vidro!\",\"breadcrumb\":{\"@id\":\"https:\/\/envinor.com\/#breadcrumb\"},\"inLanguage\":\"pt-PT\",\"potentialAction\":[{\"@type\":\"ReadAction\",\"target\":[\"https:\/\/envinor.com\/\"]}]},{\"@type\":\"ImageObject\",\"inLanguage\":\"pt-PT\",\"@id\":\"https:\/\/envinor.com\/#primaryimage\",\"url\":\"https:\/\/envinor.com\/wp-content\/uploads\/2020\/11\/guarda-de-varanda-em-vidro-laminado.jpeg\",\"contentUrl\":\"https:\/\/envinor.com\/wp-content\/uploads\/2020\/11\/guarda-de-varanda-em-vidro-laminado.jpeg\",\"width\":1024,\"height\":768,\"caption\":\"Envinor -Solu\u00e7\u00f5es em vidro para os seus projetos\"},{\"@type\":\"BreadcrumbList\",\"@id\":\"https:\/\/envinor.com\/#breadcrumb\",\"itemListElement\":[{\"@type\":\"ListItem\",\"position\":1,\"name\":\"In\u00edcio\",\"item\":\"https:\/\/envinor.com\/\"},{\"@type\":\"ListItem\",\"position\":2,\"name\":\"Envinor &#8211; Solu\u00e7\u00f5es em vidro para os seus projetos\"}]},{\"@type\":\"WebSite\",\"@id\":\"https:\/\/envinor.com\/#website\",\"url\":\"https:\/\/envinor.com\/\",\"name\":\"Envinor\",\"description\":\"Empresa de Vidros do Norte\",\"potentialAction\":[{\"@type\":\"SearchAction\",\"target\":{\"@type\":\"EntryPoint\",\"urlTemplate\":\"https:\/\/envinor.com\/?s={search_term_string}\"},\"query-input\":{\"@type\":\"PropertyValueSpecification\",\"valueRequired\":true,\"valueName\":\"search_term_string\"}}],\"inLanguage\":\"pt-PT\"}]}<\/script>\n<!-- \/ Yoast SEO plugin. -->","yoast_head_json":{"title":"Envinor - Solu\u00e7\u00f5es em vidro para os seus projetos","description":"25 anos de experi\u00eancia no com\u00e9rcio e coloca\u00e7\u00e3o de vidros, espelhos e acess\u00f3rios. D\u00ea asas ao seu projeto - n\u00f3s tratamos do vidro!","robots":{"index":"index","follow":"follow","max-snippet":"max-snippet:-1","max-image-preview":"max-image-preview:large","max-video-preview":"max-video-preview:-1"},"canonical":"https:\/\/envinor.com\/","og_locale":"pt_PT","og_type":"article","og_title":"Envinor - Solu\u00e7\u00f5es em vidro para os seus projetos","og_description":"25 anos de experi\u00eancia no com\u00e9rcio e coloca\u00e7\u00e3o de vidros, espelhos e acess\u00f3rios. D\u00ea asas ao seu projeto - n\u00f3s tratamos do vidro!","og_url":"https:\/\/envinor.com\/","og_site_name":"Envinor","article_modified_time":"2021-01-06T19:37:21+00:00","og_image":[{"width":1024,"height":768,"url":"https:\/\/envinor.com\/wp-content\/uploads\/2020\/11\/guarda-de-varanda-em-vidro-laminado.jpeg","type":"image\/jpeg"}],"twitter_card":"summary_large_image","twitter_misc":{"Tempo estimado de leitura":"2 minutos"},"schema":{"@context":"https:\/\/schema.org","@graph":[{"@type":"WebPage","@id":"https:\/\/envinor.com\/","url":"https:\/\/envinor.com\/","name":"Envinor - Solu\u00e7\u00f5es em vidro para os seus projetos","isPartOf":{"@id":"https:\/\/envinor.com\/#website"},"primaryImageOfPage":{"@id":"https:\/\/envinor.com\/#primaryimage"},"image":{"@id":"https:\/\/envinor.com\/#primaryimage"},"thumbnailUrl":"https:\/\/envinor.com\/wp-content\/uploads\/2020\/11\/guarda-de-varanda-em-vidro-laminado.jpeg","datePublished":"2020-10-08T09:11:08+00:00","dateModified":"2021-01-06T19:37:21+00:00","description":"25 anos de experi\u00eancia no com\u00e9rcio e coloca\u00e7\u00e3o de vidros, espelhos e acess\u00f3rios. D\u00ea asas ao seu projeto - n\u00f3s tratamos do vidro!","breadcrumb":{"@id":"https:\/\/envinor.com\/#breadcrumb"},"inLanguage":"pt-PT","potentialAction":[{"@type":"ReadAction","target":["https:\/\/envinor.com\/"]}]},{"@type":"ImageObject","inLanguage":"pt-PT","@id":"https:\/\/envinor.com\/#primaryimage","url":"https:\/\/envinor.com\/wp-content\/uploads\/2020\/11\/guarda-de-varanda-em-vidro-laminado.jpeg","contentUrl":"https:\/\/envinor.com\/wp-content\/uploads\/2020\/11\/guarda-de-varanda-em-vidro-laminado.jpeg","width":1024,"height":768,"caption":"Envinor -Solu\u00e7\u00f5es em vidro para os seus projetos"},{"@type":"BreadcrumbList","@id":"https:\/\/envinor.com\/#breadcrumb","itemListElement":[{"@type":"ListItem","position":1,"name":"In\u00edcio","item":"https:\/\/envinor.com\/"},{"@type":"ListItem","position":2,"name":"Envinor &#8211; Solu\u00e7\u00f5es em vidro para os seus projetos"}]},{"@type":"WebSite","@id":"https:\/\/envinor.com\/#website","url":"https:\/\/envinor.com\/","name":"Envinor","description":"Empresa de Vidros do Norte","potentialAction":[{"@type":"SearchAction","target":{"@type":"EntryPoint","urlTemplate":"https:\/\/envinor.com\/?s={search_term_string}"},"query-input":{"@type":"PropertyValueSpecification","valueRequired":true,"valueName":"search_term_string"}}],"inLanguage":"pt-PT"}]}},"_links":{"self":[{"href":"https:\/\/envinor.com\/index.php?rest_route=\/wp\/v2\/pages\/820","targetHints":{"allow":["GET"]}}],"collection":[{"href":"https:\/\/envinor.com\/index.php?rest_route=\/wp\/v2\/pages"}],"about":[{"href":"https:\/\/envinor.com\/index.php?rest_route=\/wp\/v2\/types\/page"}],"author":[{"embeddable":true,"href":"https:\/\/envinor.com\/index.php?rest_route=\/wp\/v2\/users\/1"}],"replies":[{"embeddable":true,"href":"https:\/\/envinor.com\/index.php?rest_route=%2Fwp%2Fv2%2Fcomments&post=820"}],"version-history":[{"count":9,"href":"https:\/\/envinor.com\/index.php?rest_route=\/wp\/v2\/pages\/820\/revisions"}],"predecessor-version":[{"id":1500,"href":"https:\/\/envinor.com\/index.php?rest_route=\/wp\/v2\/pages\/820\/revisions\/1500"}],"wp:featuredmedia":[{"embeddable":true,"href":"https:\/\/envinor.com\/index.php?rest_route=\/wp\/v2\/media\/1223"}],"wp:attachment":[{"href":"https:\/\/envinor.com\/index.php?rest_route=%2Fwp%2Fv2%2Fmedia&parent=820"}],"curies":[{"name":"wp","href":"https:\/\/api.w.org\/{rel}","templated":true}]}}