{"id":1579,"date":"2021-06-15T16:20:42","date_gmt":"2021-06-15T16:20:42","guid":{"rendered":"https:\/\/envinor.com\/?page_id=1579"},"modified":"2021-06-16T10:55:26","modified_gmt":"2021-06-16T10:55:26","slug":"politica-de-qualidade","status":"publish","type":"page","link":"https:\/\/envinor.com\/?page_id=1579","title":{"rendered":"Pol\u00edtica de Qualidade"},"content":{"rendered":"<div class=\"wpb-content-wrapper\"><p>[vc_row][vc_column width=&#8221;3\/4&#8243;]<h1 class='heading-middle  style-1' ><span>Pol\u00edtica de Qualidade<\/span><\/h1>[vc_column_text]<strong><u>Miss\u00e3o:<\/u><\/strong><\/p>\n<p>Dar asas aos projetos dos nossos Clientes, disponibilizando a nossa experi\u00eancia e know-how para conceber a solu\u00e7\u00e3o em vidro ideal para cada espa\u00e7o.<\/p>\n<p>&nbsp;<\/p>\n<p><strong><u>Vis\u00e3o:<\/u><\/strong><\/p>\n<p>Criar um mundo mais transparente \u2013 usar o vidro para desenvolver solu\u00e7\u00f5es esteticamente apelativas, mais eficientes e mais sustent\u00e1veis.<\/p>\n<p>&nbsp;<\/p>\n<p>A Ger\u00eancia da <strong>Envinor<\/strong> estabelece a sua <strong><em>Pol\u00edtica da Qualidade<\/em><\/strong> que pretende promover de forma cont\u00ednua uma cultura de qualidade visando atingir uma posi\u00e7\u00e3o de refer\u00eancia atrav\u00e9s das seguintes orienta\u00e7\u00f5es:<\/p>\n<p>&nbsp;<\/p>\n<ul>\n<li><strong>PROMOVER A SATISFA\u00c7\u00c3O DOS CLIENTES E PARTES INTERESSADAS<\/strong><\/li>\n<\/ul>\n<p>Assegurando a fideliza\u00e7\u00e3o dos clientes e partes interessadas;<\/p>\n<p>Cumprindo com os requisitos acordados e promovendo um relacionamento de parceria, garantindo respostas \u00e0s suas solicita\u00e7\u00f5es eficazmente, dentro de um trabalho com qualidade e seguran\u00e7a.<\/p>\n<p>&nbsp;<\/p>\n<ul>\n<li><strong>ASSEGURAR A MELHORIA CONT\u00cdNUA DA ORGANIZA\u00c7\u00c3O<\/strong><\/li>\n<\/ul>\n<p>Promovendo uma organiza\u00e7\u00e3o interna eficiente, com n\u00edveis elevados de qualidade e rigor dos servi\u00e7os;<\/p>\n<p>Focando-se nas necessidades dos seus clientes, potenciando uma resposta r\u00e1pida e distinta;<\/p>\n<p>Monitorizando o cumprimento dos requisitos de qualidade estabelecidos.<\/p>\n<p>&nbsp;<\/p>\n<ul>\n<li><strong>ASSEGURAR AS COMPET\u00caNCIAS T\u00c9CNICAS ADEQUADAS DOS RECURSOS HUMANOS<\/strong><\/li>\n<\/ul>\n<p>Promovendo o aumento das compet\u00eancias dos colaboradores necess\u00e1rias e adequadas ao \u201csaber fazer\u201d;<\/p>\n<p>Garantindo a atualiza\u00e7\u00e3o, responsabiliza\u00e7\u00e3o e forma\u00e7\u00e3o cont\u00ednua dos colaboradores, potenciando a motiva\u00e7\u00e3o e melhores desempenhos.<\/p>\n<p>&nbsp;<\/p>\n<ul>\n<li><strong>GARANTIR A SUSTENTABILIDADE ECONOMICA DA ORGANIZA\u00c7\u00c3O <\/strong><\/li>\n<\/ul>\n<p>Promovendo a estabilidade econ\u00f3mica;<\/p>\n<p>Cumprindo os requisitos legais associados \u00e0 atividade;<\/p>\n<p>Promovendo a monitoriza\u00e7\u00e3o sistem\u00e1tica dos seus desempenhos operacionais.[\/vc_column_text][\/vc_column][vc_column width=&#8221;1\/4&#8243;][\/vc_column][\/vc_row]<\/p>\n<\/div>","protected":false},"excerpt":{"rendered":"<p>[vc_row][vc_column width=&#8221;3\/4&#8243;][vc_column_text]Miss\u00e3o: Dar asas aos projetos dos nossos Clientes, disponibilizando a nossa experi\u00eancia e know-how para conceber a solu\u00e7\u00e3o em vidro ideal para cada espa\u00e7o. &nbsp; Vis\u00e3o: Criar um mundo mais transparente \u2013 usar o vidro para desenvolver solu\u00e7\u00f5es esteticamente&#8230;<\/p>\n","protected":false},"author":3,"featured_media":0,"parent":0,"menu_order":0,"comment_status":"closed","ping_status":"open","template":"","meta":{"footnotes":""},"class_list":["post-1579","page","type-page","status-publish","hentry"],"yoast_head":"<!-- This site is optimized with the Yoast SEO plugin v25.3.1 - https:\/\/yoast.com\/wordpress\/plugins\/seo\/ -->\n<title>Pol\u00edtica de Qualidade - Envinor<\/title>\n<meta name=\"description\" content=\"Pol\u00edtica de Qualidade\" \/>\n<meta name=\"robots\" content=\"index, follow, max-snippet:-1, max-image-preview:large, max-video-preview:-1\" \/>\n<link rel=\"canonical\" href=\"https:\/\/envinor.com\/?page_id=1579\" \/>\n<meta property=\"og:locale\" content=\"pt_PT\" \/>\n<meta property=\"og:type\" content=\"article\" \/>\n<meta property=\"og:title\" content=\"Pol\u00edtica de Qualidade - Envinor\" \/>\n<meta property=\"og:description\" content=\"Pol\u00edtica de Qualidade\" \/>\n<meta property=\"og:url\" content=\"https:\/\/envinor.com\/?page_id=1579\" \/>\n<meta property=\"og:site_name\" content=\"Envinor\" \/>\n<meta property=\"article:modified_time\" content=\"2021-06-16T10:55:26+00:00\" \/>\n<meta name=\"twitter:card\" content=\"summary_large_image\" \/>\n<meta name=\"twitter:label1\" content=\"Tempo estimado de leitura\" \/>\n\t<meta name=\"twitter:data1\" content=\"1 minuto\" \/>\n<script type=\"application\/ld+json\" class=\"yoast-schema-graph\">{\"@context\":\"https:\/\/schema.org\",\"@graph\":[{\"@type\":\"WebPage\",\"@id\":\"https:\/\/envinor.com\/?page_id=1579\",\"url\":\"https:\/\/envinor.com\/?page_id=1579\",\"name\":\"Pol\u00edtica de Qualidade - Envinor\",\"isPartOf\":{\"@id\":\"https:\/\/envinor.com\/#website\"},\"datePublished\":\"2021-06-15T16:20:42+00:00\",\"dateModified\":\"2021-06-16T10:55:26+00:00\",\"description\":\"Pol\u00edtica de Qualidade\",\"breadcrumb\":{\"@id\":\"https:\/\/envinor.com\/?page_id=1579#breadcrumb\"},\"inLanguage\":\"pt-PT\",\"potentialAction\":[{\"@type\":\"ReadAction\",\"target\":[\"https:\/\/envinor.com\/?page_id=1579\"]}]},{\"@type\":\"BreadcrumbList\",\"@id\":\"https:\/\/envinor.com\/?page_id=1579#breadcrumb\",\"itemListElement\":[{\"@type\":\"ListItem\",\"position\":1,\"name\":\"In\u00edcio\",\"item\":\"https:\/\/envinor.com\/\"},{\"@type\":\"ListItem\",\"position\":2,\"name\":\"Pol\u00edtica de Qualidade\"}]},{\"@type\":\"WebSite\",\"@id\":\"https:\/\/envinor.com\/#website\",\"url\":\"https:\/\/envinor.com\/\",\"name\":\"Envinor\",\"description\":\"Empresa de Vidros do Norte\",\"potentialAction\":[{\"@type\":\"SearchAction\",\"target\":{\"@type\":\"EntryPoint\",\"urlTemplate\":\"https:\/\/envinor.com\/?s={search_term_string}\"},\"query-input\":{\"@type\":\"PropertyValueSpecification\",\"valueRequired\":true,\"valueName\":\"search_term_string\"}}],\"inLanguage\":\"pt-PT\"}]}<\/script>\n<!-- \/ Yoast SEO plugin. -->","yoast_head_json":{"title":"Pol\u00edtica de Qualidade - Envinor","description":"Pol\u00edtica de Qualidade","robots":{"index":"index","follow":"follow","max-snippet":"max-snippet:-1","max-image-preview":"max-image-preview:large","max-video-preview":"max-video-preview:-1"},"canonical":"https:\/\/envinor.com\/?page_id=1579","og_locale":"pt_PT","og_type":"article","og_title":"Pol\u00edtica de Qualidade - Envinor","og_description":"Pol\u00edtica de Qualidade","og_url":"https:\/\/envinor.com\/?page_id=1579","og_site_name":"Envinor","article_modified_time":"2021-06-16T10:55:26+00:00","twitter_card":"summary_large_image","twitter_misc":{"Tempo estimado de leitura":"1 minuto"},"schema":{"@context":"https:\/\/schema.org","@graph":[{"@type":"WebPage","@id":"https:\/\/envinor.com\/?page_id=1579","url":"https:\/\/envinor.com\/?page_id=1579","name":"Pol\u00edtica de Qualidade - Envinor","isPartOf":{"@id":"https:\/\/envinor.com\/#website"},"datePublished":"2021-06-15T16:20:42+00:00","dateModified":"2021-06-16T10:55:26+00:00","description":"Pol\u00edtica de Qualidade","breadcrumb":{"@id":"https:\/\/envinor.com\/?page_id=1579#breadcrumb"},"inLanguage":"pt-PT","potentialAction":[{"@type":"ReadAction","target":["https:\/\/envinor.com\/?page_id=1579"]}]},{"@type":"BreadcrumbList","@id":"https:\/\/envinor.com\/?page_id=1579#breadcrumb","itemListElement":[{"@type":"ListItem","position":1,"name":"In\u00edcio","item":"https:\/\/envinor.com\/"},{"@type":"ListItem","position":2,"name":"Pol\u00edtica de Qualidade"}]},{"@type":"WebSite","@id":"https:\/\/envinor.com\/#website","url":"https:\/\/envinor.com\/","name":"Envinor","description":"Empresa de Vidros do Norte","potentialAction":[{"@type":"SearchAction","target":{"@type":"EntryPoint","urlTemplate":"https:\/\/envinor.com\/?s={search_term_string}"},"query-input":{"@type":"PropertyValueSpecification","valueRequired":true,"valueName":"search_term_string"}}],"inLanguage":"pt-PT"}]}},"_links":{"self":[{"href":"https:\/\/envinor.com\/index.php?rest_route=\/wp\/v2\/pages\/1579","targetHints":{"allow":["GET"]}}],"collection":[{"href":"https:\/\/envinor.com\/index.php?rest_route=\/wp\/v2\/pages"}],"about":[{"href":"https:\/\/envinor.com\/index.php?rest_route=\/wp\/v2\/types\/page"}],"author":[{"embeddable":true,"href":"https:\/\/envinor.com\/index.php?rest_route=\/wp\/v2\/users\/3"}],"replies":[{"embeddable":true,"href":"https:\/\/envinor.com\/index.php?rest_route=%2Fwp%2Fv2%2Fcomments&post=1579"}],"version-history":[{"count":4,"href":"https:\/\/envinor.com\/index.php?rest_route=\/wp\/v2\/pages\/1579\/revisions"}],"predecessor-version":[{"id":1587,"href":"https:\/\/envinor.com\/index.php?rest_route=\/wp\/v2\/pages\/1579\/revisions\/1587"}],"wp:attachment":[{"href":"https:\/\/envinor.com\/index.php?rest_route=%2Fwp%2Fv2%2Fmedia&parent=1579"}],"curies":[{"name":"wp","href":"https:\/\/api.w.org\/{rel}","templated":true}]}}