{"id":13,"date":"2014-11-11T11:14:16","date_gmt":"2014-11-11T11:14:16","guid":{"rendered":"http:\/\/anpsthemes.com\/constructo\/?page_id=13"},"modified":"2020-11-18T18:22:55","modified_gmt":"2020-11-18T18:22:55","slug":"blog","status":"publish","type":"page","link":"https:\/\/envinor.com\/?page_id=13","title":{"rendered":"Blog"},"content":{"rendered":"","protected":false},"excerpt":{"rendered":"","protected":false},"author":1,"featured_media":1233,"parent":0,"menu_order":0,"comment_status":"open","ping_status":"open","template":"","meta":{"footnotes":""},"class_list":["post-13","page","type-page","status-publish","has-post-thumbnail","hentry"],"yoast_head":"<!-- This site is optimized with the Yoast SEO plugin v25.3.1 - https:\/\/yoast.com\/wordpress\/plugins\/seo\/ -->\n<title>Blog Envinor - Mantenha-se a par de todas as novidades<\/title>\n<meta name=\"description\" content=\"No Blog Envinor, partilhamos consigo not\u00edcias, informa\u00e7\u00e3o t\u00e9cnica e as \u00faltimas tend\u00eancias da ind\u00fastria do vidro!\" \/>\n<meta name=\"robots\" content=\"index, follow, max-snippet:-1, max-image-preview:large, max-video-preview:-1\" \/>\n<link rel=\"canonical\" href=\"https:\/\/envinor.com\/?page_id=13\" \/>\n<meta property=\"og:locale\" content=\"pt_PT\" \/>\n<meta property=\"og:type\" content=\"article\" \/>\n<meta property=\"og:title\" content=\"Blog Envinor - Mantenha-se a par de todas as novidades\" \/>\n<meta property=\"og:description\" content=\"No Blog Envinor, partilhamos consigo not\u00edcias, informa\u00e7\u00e3o t\u00e9cnica e as \u00faltimas tend\u00eancias da ind\u00fastria do vidro!\" \/>\n<meta property=\"og:url\" content=\"https:\/\/envinor.com\/?page_id=13\" \/>\n<meta property=\"og:site_name\" content=\"Envinor\" \/>\n<meta property=\"article:modified_time\" content=\"2020-11-18T18:22:55+00:00\" \/>\n<meta property=\"og:image\" content=\"https:\/\/envinor.com\/wp-content\/uploads\/2020\/11\/glass-building-25.jpg\" \/>\n\t<meta property=\"og:image:width\" content=\"1920\" \/>\n\t<meta property=\"og:image:height\" content=\"1080\" \/>\n\t<meta property=\"og:image:type\" content=\"image\/jpeg\" \/>\n<meta name=\"twitter:card\" content=\"summary_large_image\" \/>\n<script type=\"application\/ld+json\" class=\"yoast-schema-graph\">{\"@context\":\"https:\/\/schema.org\",\"@graph\":[{\"@type\":[\"WebPage\",\"CollectionPage\"],\"@id\":\"https:\/\/envinor.com\/?page_id=13\",\"url\":\"https:\/\/envinor.com\/?page_id=13\",\"name\":\"Blog Envinor - Mantenha-se a par de todas as novidades\",\"isPartOf\":{\"@id\":\"https:\/\/envinor.com\/#website\"},\"primaryImageOfPage\":{\"@id\":\"https:\/\/envinor.com\/?page_id=13#primaryimage\"},\"image\":{\"@id\":\"https:\/\/envinor.com\/?page_id=13#primaryimage\"},\"thumbnailUrl\":\"https:\/\/envinor.com\/wp-content\/uploads\/2020\/11\/glass-building-25.jpg\",\"datePublished\":\"2014-11-11T11:14:16+00:00\",\"dateModified\":\"2020-11-18T18:22:55+00:00\",\"description\":\"No Blog Envinor, partilhamos consigo not\u00edcias, informa\u00e7\u00e3o t\u00e9cnica e as \u00faltimas tend\u00eancias da ind\u00fastria do vidro!\",\"breadcrumb\":{\"@id\":\"https:\/\/envinor.com\/?page_id=13#breadcrumb\"},\"inLanguage\":\"pt-PT\"},{\"@type\":\"ImageObject\",\"inLanguage\":\"pt-PT\",\"@id\":\"https:\/\/envinor.com\/?page_id=13#primaryimage\",\"url\":\"https:\/\/envinor.com\/wp-content\/uploads\/2020\/11\/glass-building-25.jpg\",\"contentUrl\":\"https:\/\/envinor.com\/wp-content\/uploads\/2020\/11\/glass-building-25.jpg\",\"width\":1920,\"height\":1080,\"caption\":\"Envinor - Com\u00e9rcio e Coloca\u00e7\u00e3o de Vidros, espelhos e acess\u00f3rios\"},{\"@type\":\"BreadcrumbList\",\"@id\":\"https:\/\/envinor.com\/?page_id=13#breadcrumb\",\"itemListElement\":[{\"@type\":\"ListItem\",\"position\":1,\"name\":\"In\u00edcio\",\"item\":\"https:\/\/envinor.com\/\"},{\"@type\":\"ListItem\",\"position\":2,\"name\":\"Blog\"}]},{\"@type\":\"WebSite\",\"@id\":\"https:\/\/envinor.com\/#website\",\"url\":\"https:\/\/envinor.com\/\",\"name\":\"Envinor\",\"description\":\"Empresa de Vidros do Norte\",\"potentialAction\":[{\"@type\":\"SearchAction\",\"target\":{\"@type\":\"EntryPoint\",\"urlTemplate\":\"https:\/\/envinor.com\/?s={search_term_string}\"},\"query-input\":{\"@type\":\"PropertyValueSpecification\",\"valueRequired\":true,\"valueName\":\"search_term_string\"}}],\"inLanguage\":\"pt-PT\"}]}<\/script>\n<!-- \/ Yoast SEO plugin. -->","yoast_head_json":{"title":"Blog Envinor - Mantenha-se a par de todas as novidades","description":"No Blog Envinor, partilhamos consigo not\u00edcias, informa\u00e7\u00e3o t\u00e9cnica e as \u00faltimas tend\u00eancias da ind\u00fastria do vidro!","robots":{"index":"index","follow":"follow","max-snippet":"max-snippet:-1","max-image-preview":"max-image-preview:large","max-video-preview":"max-video-preview:-1"},"canonical":"https:\/\/envinor.com\/?page_id=13","og_locale":"pt_PT","og_type":"article","og_title":"Blog Envinor - Mantenha-se a par de todas as novidades","og_description":"No Blog Envinor, partilhamos consigo not\u00edcias, informa\u00e7\u00e3o t\u00e9cnica e as \u00faltimas tend\u00eancias da ind\u00fastria do vidro!","og_url":"https:\/\/envinor.com\/?page_id=13","og_site_name":"Envinor","article_modified_time":"2020-11-18T18:22:55+00:00","og_image":[{"width":1920,"height":1080,"url":"https:\/\/envinor.com\/wp-content\/uploads\/2020\/11\/glass-building-25.jpg","type":"image\/jpeg"}],"twitter_card":"summary_large_image","schema":{"@context":"https:\/\/schema.org","@graph":[{"@type":["WebPage","CollectionPage"],"@id":"https:\/\/envinor.com\/?page_id=13","url":"https:\/\/envinor.com\/?page_id=13","name":"Blog Envinor - Mantenha-se a par de todas as novidades","isPartOf":{"@id":"https:\/\/envinor.com\/#website"},"primaryImageOfPage":{"@id":"https:\/\/envinor.com\/?page_id=13#primaryimage"},"image":{"@id":"https:\/\/envinor.com\/?page_id=13#primaryimage"},"thumbnailUrl":"https:\/\/envinor.com\/wp-content\/uploads\/2020\/11\/glass-building-25.jpg","datePublished":"2014-11-11T11:14:16+00:00","dateModified":"2020-11-18T18:22:55+00:00","description":"No Blog Envinor, partilhamos consigo not\u00edcias, informa\u00e7\u00e3o t\u00e9cnica e as \u00faltimas tend\u00eancias da ind\u00fastria do vidro!","breadcrumb":{"@id":"https:\/\/envinor.com\/?page_id=13#breadcrumb"},"inLanguage":"pt-PT"},{"@type":"ImageObject","inLanguage":"pt-PT","@id":"https:\/\/envinor.com\/?page_id=13#primaryimage","url":"https:\/\/envinor.com\/wp-content\/uploads\/2020\/11\/glass-building-25.jpg","contentUrl":"https:\/\/envinor.com\/wp-content\/uploads\/2020\/11\/glass-building-25.jpg","width":1920,"height":1080,"caption":"Envinor - Com\u00e9rcio e Coloca\u00e7\u00e3o de Vidros, espelhos e acess\u00f3rios"},{"@type":"BreadcrumbList","@id":"https:\/\/envinor.com\/?page_id=13#breadcrumb","itemListElement":[{"@type":"ListItem","position":1,"name":"In\u00edcio","item":"https:\/\/envinor.com\/"},{"@type":"ListItem","position":2,"name":"Blog"}]},{"@type":"WebSite","@id":"https:\/\/envinor.com\/#website","url":"https:\/\/envinor.com\/","name":"Envinor","description":"Empresa de Vidros do Norte","potentialAction":[{"@type":"SearchAction","target":{"@type":"EntryPoint","urlTemplate":"https:\/\/envinor.com\/?s={search_term_string}"},"query-input":{"@type":"PropertyValueSpecification","valueRequired":true,"valueName":"search_term_string"}}],"inLanguage":"pt-PT"}]}},"_links":{"self":[{"href":"https:\/\/envinor.com\/index.php?rest_route=\/wp\/v2\/pages\/13","targetHints":{"allow":["GET"]}}],"collection":[{"href":"https:\/\/envinor.com\/index.php?rest_route=\/wp\/v2\/pages"}],"about":[{"href":"https:\/\/envinor.com\/index.php?rest_route=\/wp\/v2\/types\/page"}],"author":[{"embeddable":true,"href":"https:\/\/envinor.com\/index.php?rest_route=\/wp\/v2\/users\/1"}],"replies":[{"embeddable":true,"href":"https:\/\/envinor.com\/index.php?rest_route=%2Fwp%2Fv2%2Fcomments&post=13"}],"version-history":[{"count":2,"href":"https:\/\/envinor.com\/index.php?rest_route=\/wp\/v2\/pages\/13\/revisions"}],"predecessor-version":[{"id":1316,"href":"https:\/\/envinor.com\/index.php?rest_route=\/wp\/v2\/pages\/13\/revisions\/1316"}],"wp:featuredmedia":[{"embeddable":true,"href":"https:\/\/envinor.com\/index.php?rest_route=\/wp\/v2\/media\/1233"}],"wp:attachment":[{"href":"https:\/\/envinor.com\/index.php?rest_route=%2Fwp%2Fv2%2Fmedia&parent=13"}],"curies":[{"name":"wp","href":"https:\/\/api.w.org\/{rel}","templated":true}]}}