{"id":1250,"date":"2020-11-04T09:56:55","date_gmt":"2020-11-04T09:56:55","guid":{"rendered":"https:\/\/envinor.com\/teste\/?page_id=1250"},"modified":"2020-11-12T10:42:21","modified_gmt":"2020-11-12T10:42:21","slug":"ral","status":"publish","type":"page","link":"https:\/\/envinor.com\/?page_id=1250","title":{"rendered":"RAL"},"content":{"rendered":"<div class=\"wpb-content-wrapper\"><p>[vc_row][vc_column width=&#8221;3\/4&#8243;]<h1 class='heading-middle  style-1' ><span>Resolu\u00e7\u00e3o Alternativa de Lit\u00edgios de Consumo<em class=\"heading-subtitle\">O que \u00e9 a Resolu\u00e7\u00e3o Alternativa de Lit\u00edgios de Consumo?<\/em><\/span><\/h1>[vc_column_text]A Resolu\u00e7\u00e3o Alternativa de Lit\u00edgios de Consumo (RAL) abrange a media\u00e7\u00e3o, a concilia\u00e7\u00e3o e a arbitragem. As entidades RAL s\u00e3o as entidades autorizadas a realizar a media\u00e7\u00e3o, concilia\u00e7\u00e3o e arbitragem de lit\u00edgios de consumo em Portugal. Dever\u00e3o estar inscritas na lista de entidades RAL prevista pela Lei n.\u00ba 144\/2015. S\u00e3o organiza\u00e7\u00f5es independentes, com pessoal especializado, que, de modo imparcial, ajudam o consumidor e a empresa a chegar a uma resolu\u00e7\u00e3o amig\u00e1vel por via da media\u00e7\u00e3o ou da concilia\u00e7\u00e3o. No caso de que esse acordo n\u00e3o seja alcan\u00e7ado, permitem que seja tomada uma decis\u00e3o por \u00e1rbitros num um processo simples e r\u00e1pido, por via da arbitragem.<\/p>\n<p>Em caso de lit\u00edgio, o consumidor pode dirigir-se \u00e0 p\u00e1gina da Comiss\u00e3o Europeia de <a href=\"http:\/\/ec.europa.eu\/consumers\/odr\" target=\"_blank\" rel=\"noopener noreferrer\">Resolu\u00e7\u00e3o de Lit\u00edgios em Linha<\/a>, ou \u00e0s seguintes entidades de resolu\u00e7\u00e3o alternativa de lit\u00edgios de consumo (ao abrigo da Lei n.\u00ba 144\/2015, de 8 de setembro):<\/p>\n<p><a href=\"https:\/\/www.cicap.pt\" target=\"_blank\" rel=\"noopener noreferrer\">CICAP &#8211; Centro de Informa\u00e7\u00e3o de Consumo e Arbitragem do Porto<\/a><\/p>\n<p>Para mais informa\u00e7\u00f5es consulte o <strong><a href=\"http:\/\/www.consumidor.pt\/\" target=\"_blank\" rel=\"noopener noreferrer\">Portal do Consumidor<\/a>.<\/strong>[\/vc_column_text][\/vc_column][vc_column width=&#8221;1\/4&#8243;][\/vc_column][\/vc_row]<\/p>\n<\/div>","protected":false},"excerpt":{"rendered":"<p>[vc_row][vc_column width=&#8221;3\/4&#8243;][vc_column_text]A Resolu\u00e7\u00e3o Alternativa de Lit\u00edgios de Consumo (RAL) abrange a media\u00e7\u00e3o, a concilia\u00e7\u00e3o e a arbitragem. As entidades RAL s\u00e3o as entidades autorizadas a realizar a media\u00e7\u00e3o, concilia\u00e7\u00e3o e arbitragem de lit\u00edgios de consumo em Portugal. Dever\u00e3o estar inscritas&#8230;<\/p>\n","protected":false},"author":1,"featured_media":0,"parent":0,"menu_order":0,"comment_status":"closed","ping_status":"open","template":"","meta":{"footnotes":""},"class_list":["post-1250","page","type-page","status-publish","hentry"],"yoast_head":"<!-- This site is optimized with the Yoast SEO plugin v25.3.1 - https:\/\/yoast.com\/wordpress\/plugins\/seo\/ -->\n<title>RAL - Envinor - Resolu\u00e7\u00e3o Alternativa de Lit\u00edgios de Consumo<\/title>\n<meta name=\"description\" content=\"RAL - A Resolu\u00e7\u00e3o Alternativa de Lit\u00edgios de Consumo abrange a media\u00e7\u00e3o, a concilia\u00e7\u00e3o e a arbitragem.\" \/>\n<meta name=\"robots\" content=\"index, follow, max-snippet:-1, max-image-preview:large, max-video-preview:-1\" \/>\n<link rel=\"canonical\" href=\"https:\/\/envinor.com\/?page_id=1250\" \/>\n<meta property=\"og:locale\" content=\"pt_PT\" \/>\n<meta property=\"og:type\" content=\"article\" \/>\n<meta property=\"og:title\" content=\"RAL - Envinor - Resolu\u00e7\u00e3o Alternativa de Lit\u00edgios de Consumo\" \/>\n<meta property=\"og:description\" content=\"RAL - A Resolu\u00e7\u00e3o Alternativa de Lit\u00edgios de Consumo abrange a media\u00e7\u00e3o, a concilia\u00e7\u00e3o e a arbitragem.\" \/>\n<meta property=\"og:url\" content=\"https:\/\/envinor.com\/?page_id=1250\" \/>\n<meta property=\"og:site_name\" content=\"Envinor\" \/>\n<meta property=\"article:modified_time\" content=\"2020-11-12T10:42:21+00:00\" \/>\n<meta name=\"twitter:card\" content=\"summary_large_image\" \/>\n<meta name=\"twitter:label1\" content=\"Tempo estimado de leitura\" \/>\n\t<meta name=\"twitter:data1\" content=\"1 minuto\" \/>\n<script type=\"application\/ld+json\" class=\"yoast-schema-graph\">{\"@context\":\"https:\/\/schema.org\",\"@graph\":[{\"@type\":\"WebPage\",\"@id\":\"https:\/\/envinor.com\/?page_id=1250\",\"url\":\"https:\/\/envinor.com\/?page_id=1250\",\"name\":\"RAL - Envinor - Resolu\u00e7\u00e3o Alternativa de Lit\u00edgios de Consumo\",\"isPartOf\":{\"@id\":\"https:\/\/envinor.com\/#website\"},\"datePublished\":\"2020-11-04T09:56:55+00:00\",\"dateModified\":\"2020-11-12T10:42:21+00:00\",\"description\":\"RAL - A Resolu\u00e7\u00e3o Alternativa de Lit\u00edgios de Consumo abrange a media\u00e7\u00e3o, a concilia\u00e7\u00e3o e a arbitragem.\",\"breadcrumb\":{\"@id\":\"https:\/\/envinor.com\/?page_id=1250#breadcrumb\"},\"inLanguage\":\"pt-PT\",\"potentialAction\":[{\"@type\":\"ReadAction\",\"target\":[\"https:\/\/envinor.com\/?page_id=1250\"]}]},{\"@type\":\"BreadcrumbList\",\"@id\":\"https:\/\/envinor.com\/?page_id=1250#breadcrumb\",\"itemListElement\":[{\"@type\":\"ListItem\",\"position\":1,\"name\":\"In\u00edcio\",\"item\":\"https:\/\/envinor.com\/\"},{\"@type\":\"ListItem\",\"position\":2,\"name\":\"RAL\"}]},{\"@type\":\"WebSite\",\"@id\":\"https:\/\/envinor.com\/#website\",\"url\":\"https:\/\/envinor.com\/\",\"name\":\"Envinor\",\"description\":\"Empresa de Vidros do Norte\",\"potentialAction\":[{\"@type\":\"SearchAction\",\"target\":{\"@type\":\"EntryPoint\",\"urlTemplate\":\"https:\/\/envinor.com\/?s={search_term_string}\"},\"query-input\":{\"@type\":\"PropertyValueSpecification\",\"valueRequired\":true,\"valueName\":\"search_term_string\"}}],\"inLanguage\":\"pt-PT\"}]}<\/script>\n<!-- \/ Yoast SEO plugin. -->","yoast_head_json":{"title":"RAL - Envinor - Resolu\u00e7\u00e3o Alternativa de Lit\u00edgios de Consumo","description":"RAL - A Resolu\u00e7\u00e3o Alternativa de Lit\u00edgios de Consumo abrange a media\u00e7\u00e3o, a concilia\u00e7\u00e3o e a arbitragem.","robots":{"index":"index","follow":"follow","max-snippet":"max-snippet:-1","max-image-preview":"max-image-preview:large","max-video-preview":"max-video-preview:-1"},"canonical":"https:\/\/envinor.com\/?page_id=1250","og_locale":"pt_PT","og_type":"article","og_title":"RAL - Envinor - Resolu\u00e7\u00e3o Alternativa de Lit\u00edgios de Consumo","og_description":"RAL - A Resolu\u00e7\u00e3o Alternativa de Lit\u00edgios de Consumo abrange a media\u00e7\u00e3o, a concilia\u00e7\u00e3o e a arbitragem.","og_url":"https:\/\/envinor.com\/?page_id=1250","og_site_name":"Envinor","article_modified_time":"2020-11-12T10:42:21+00:00","twitter_card":"summary_large_image","twitter_misc":{"Tempo estimado de leitura":"1 minuto"},"schema":{"@context":"https:\/\/schema.org","@graph":[{"@type":"WebPage","@id":"https:\/\/envinor.com\/?page_id=1250","url":"https:\/\/envinor.com\/?page_id=1250","name":"RAL - Envinor - Resolu\u00e7\u00e3o Alternativa de Lit\u00edgios de Consumo","isPartOf":{"@id":"https:\/\/envinor.com\/#website"},"datePublished":"2020-11-04T09:56:55+00:00","dateModified":"2020-11-12T10:42:21+00:00","description":"RAL - A Resolu\u00e7\u00e3o Alternativa de Lit\u00edgios de Consumo abrange a media\u00e7\u00e3o, a concilia\u00e7\u00e3o e a arbitragem.","breadcrumb":{"@id":"https:\/\/envinor.com\/?page_id=1250#breadcrumb"},"inLanguage":"pt-PT","potentialAction":[{"@type":"ReadAction","target":["https:\/\/envinor.com\/?page_id=1250"]}]},{"@type":"BreadcrumbList","@id":"https:\/\/envinor.com\/?page_id=1250#breadcrumb","itemListElement":[{"@type":"ListItem","position":1,"name":"In\u00edcio","item":"https:\/\/envinor.com\/"},{"@type":"ListItem","position":2,"name":"RAL"}]},{"@type":"WebSite","@id":"https:\/\/envinor.com\/#website","url":"https:\/\/envinor.com\/","name":"Envinor","description":"Empresa de Vidros do Norte","potentialAction":[{"@type":"SearchAction","target":{"@type":"EntryPoint","urlTemplate":"https:\/\/envinor.com\/?s={search_term_string}"},"query-input":{"@type":"PropertyValueSpecification","valueRequired":true,"valueName":"search_term_string"}}],"inLanguage":"pt-PT"}]}},"_links":{"self":[{"href":"https:\/\/envinor.com\/index.php?rest_route=\/wp\/v2\/pages\/1250","targetHints":{"allow":["GET"]}}],"collection":[{"href":"https:\/\/envinor.com\/index.php?rest_route=\/wp\/v2\/pages"}],"about":[{"href":"https:\/\/envinor.com\/index.php?rest_route=\/wp\/v2\/types\/page"}],"author":[{"embeddable":true,"href":"https:\/\/envinor.com\/index.php?rest_route=\/wp\/v2\/users\/1"}],"replies":[{"embeddable":true,"href":"https:\/\/envinor.com\/index.php?rest_route=%2Fwp%2Fv2%2Fcomments&post=1250"}],"version-history":[{"count":2,"href":"https:\/\/envinor.com\/index.php?rest_route=\/wp\/v2\/pages\/1250\/revisions"}],"predecessor-version":[{"id":1333,"href":"https:\/\/envinor.com\/index.php?rest_route=\/wp\/v2\/pages\/1250\/revisions\/1333"}],"wp:attachment":[{"href":"https:\/\/envinor.com\/index.php?rest_route=%2Fwp%2Fv2%2Fmedia&parent=1250"}],"curies":[{"name":"wp","href":"https:\/\/api.w.org\/{rel}","templated":true}]}}