{"id":1243,"date":"2020-11-04T09:53:33","date_gmt":"2020-11-04T09:53:33","guid":{"rendered":"https:\/\/envinor.com\/teste\/?page_id=1243"},"modified":"2020-11-12T10:43:28","modified_gmt":"2020-11-12T10:43:28","slug":"rgpd","status":"publish","type":"page","link":"https:\/\/envinor.com\/?page_id=1243","title":{"rendered":"RGPD"},"content":{"rendered":"<div class=\"wpb-content-wrapper\"><p>[vc_row][vc_column width=&#8221;3\/4&#8243;]<h1 class='heading-middle  style-1' ><span>Regulamento Geral de Prote\u00e7\u00e3o de Dados<\/span><\/h1>[vc_column_text]<\/p>\n<div class=\"wpb_text_column wpb_content_element \">\n<div class=\"wpb_wrapper\">\n<div class=\"wpb_text_column wpb_content_element \">\n<div class=\"wpb_wrapper\">\n<p>Garantimos que o titular dos dados ter\u00e1 todos os direitos consagrados ao mesmo no Regulamento Geral de Prote\u00e7\u00e3o de Dados.<\/p>\n<p><a href=\"https:\/\/ec.europa.eu\/commission\/priorities\/justice-and-fundamental-rights\/data-protection\/2018-reform-eu-data-protection-rules_pt\" target=\"_blank\" rel=\"noopener noreferrer\">Consulte aqui<\/a> a informa\u00e7\u00e3o sobre o <strong>RGPD \u2013 Regulamento Geral de Prote\u00e7\u00e3o de Dados<\/strong> \u2013 disponibilizada pela Comiss\u00e3o Europeia.<br \/>\nEm qualquer altura poder\u00e1 exercer os direitos consagrados no Regulamento Geral de Prote\u00e7\u00e3o de Dados utilizando para o efeito os contactos abaixo indicados.<\/p>\n<\/div>\n<\/div>\n<div class=\"vc_empty_space\"><\/div>\n<div class=\"wpb_text_column wpb_content_element \">\n<div class=\"wpb_wrapper\">\n<p><strong><br \/>\nEPD (DPO) \u2013 Encarregado de Prote\u00e7\u00e3o de Dados (Data Protection Officer)<\/strong><br \/>\nA entidade respons\u00e1vel pela recolha e tratamento de dados pessoais \u00e9 a ENVINOR \u2013 Empresa de Vidros do Norte, Lda, pessoa colectiva n\u00famero 503 569 593. Qualquer quest\u00e3o ou se pretender exercer algum dos seus direitos, por favor contactar atrav\u00e9s dos seguintes meios:<\/p>\n<\/div>\n<\/div>\n<\/div>\n<\/div>\n<div class=\"wpb_text_column wpb_content_element \">\n<div class=\"wpb_wrapper\">\n<p><strong><br \/>\nCorreio F\u00edsico (Carta)<\/strong><br \/>\nRua de Raimundo Dur\u00e3es Magalh\u00e3es, 386<br \/>\n4475-189 &#8211; Maia, PORTUGAL<\/p>\n<p><strong><br \/>\nCorreio Electr\u00f3nico (Email)<\/strong><br \/>\n<a href=\"mailto:geral@envinor.com\">geral@envinor.com<\/a><\/p>\n<\/div>\n<\/div>\n<p>[\/vc_column_text][\/vc_column][vc_column width=&#8221;1\/4&#8243;][\/vc_column][\/vc_row]<\/p>\n<\/div>","protected":false},"excerpt":{"rendered":"<p>[vc_row][vc_column width=&#8221;3\/4&#8243;][vc_column_text] Garantimos que o titular dos dados ter\u00e1 todos os direitos consagrados ao mesmo no Regulamento Geral de Prote\u00e7\u00e3o de Dados. Consulte aqui a informa\u00e7\u00e3o sobre o RGPD \u2013 Regulamento Geral de Prote\u00e7\u00e3o de Dados \u2013 disponibilizada pela Comiss\u00e3o&#8230;<\/p>\n","protected":false},"author":1,"featured_media":0,"parent":0,"menu_order":0,"comment_status":"closed","ping_status":"open","template":"","meta":{"footnotes":""},"class_list":["post-1243","page","type-page","status-publish","hentry"],"yoast_head":"<!-- This site is optimized with the Yoast SEO plugin v25.3.1 - https:\/\/yoast.com\/wordpress\/plugins\/seo\/ -->\n<title>RGPD - Envinor - Regulamento Geral de Prote\u00e7\u00e3o de Dados<\/title>\n<meta name=\"description\" content=\"RGPD - Garantimos que o titular dos dados ter\u00e1 todos os direitos consagrados ao mesmo no Regulamento Geral de Prote\u00e7\u00e3o de Dados.\" \/>\n<meta name=\"robots\" content=\"index, follow, max-snippet:-1, max-image-preview:large, max-video-preview:-1\" \/>\n<link rel=\"canonical\" href=\"https:\/\/envinor.com\/?page_id=1243\" \/>\n<meta property=\"og:locale\" content=\"pt_PT\" \/>\n<meta property=\"og:type\" content=\"article\" \/>\n<meta property=\"og:title\" content=\"RGPD - Envinor - Regulamento Geral de Prote\u00e7\u00e3o de Dados\" \/>\n<meta property=\"og:description\" content=\"RGPD - Garantimos que o titular dos dados ter\u00e1 todos os direitos consagrados ao mesmo no Regulamento Geral de Prote\u00e7\u00e3o de Dados.\" \/>\n<meta property=\"og:url\" content=\"https:\/\/envinor.com\/?page_id=1243\" \/>\n<meta property=\"og:site_name\" content=\"Envinor\" \/>\n<meta property=\"article:modified_time\" content=\"2020-11-12T10:43:28+00:00\" \/>\n<meta name=\"twitter:card\" content=\"summary_large_image\" \/>\n<meta name=\"twitter:label1\" content=\"Tempo estimado de leitura\" \/>\n\t<meta name=\"twitter:data1\" content=\"1 minuto\" \/>\n<script type=\"application\/ld+json\" class=\"yoast-schema-graph\">{\"@context\":\"https:\/\/schema.org\",\"@graph\":[{\"@type\":\"WebPage\",\"@id\":\"https:\/\/envinor.com\/?page_id=1243\",\"url\":\"https:\/\/envinor.com\/?page_id=1243\",\"name\":\"RGPD - Envinor - Regulamento Geral de Prote\u00e7\u00e3o de Dados\",\"isPartOf\":{\"@id\":\"https:\/\/envinor.com\/#website\"},\"datePublished\":\"2020-11-04T09:53:33+00:00\",\"dateModified\":\"2020-11-12T10:43:28+00:00\",\"description\":\"RGPD - Garantimos que o titular dos dados ter\u00e1 todos os direitos consagrados ao mesmo no Regulamento Geral de Prote\u00e7\u00e3o de Dados.\",\"breadcrumb\":{\"@id\":\"https:\/\/envinor.com\/?page_id=1243#breadcrumb\"},\"inLanguage\":\"pt-PT\",\"potentialAction\":[{\"@type\":\"ReadAction\",\"target\":[\"https:\/\/envinor.com\/?page_id=1243\"]}]},{\"@type\":\"BreadcrumbList\",\"@id\":\"https:\/\/envinor.com\/?page_id=1243#breadcrumb\",\"itemListElement\":[{\"@type\":\"ListItem\",\"position\":1,\"name\":\"In\u00edcio\",\"item\":\"https:\/\/envinor.com\/\"},{\"@type\":\"ListItem\",\"position\":2,\"name\":\"RGPD\"}]},{\"@type\":\"WebSite\",\"@id\":\"https:\/\/envinor.com\/#website\",\"url\":\"https:\/\/envinor.com\/\",\"name\":\"Envinor\",\"description\":\"Empresa de Vidros do Norte\",\"potentialAction\":[{\"@type\":\"SearchAction\",\"target\":{\"@type\":\"EntryPoint\",\"urlTemplate\":\"https:\/\/envinor.com\/?s={search_term_string}\"},\"query-input\":{\"@type\":\"PropertyValueSpecification\",\"valueRequired\":true,\"valueName\":\"search_term_string\"}}],\"inLanguage\":\"pt-PT\"}]}<\/script>\n<!-- \/ Yoast SEO plugin. -->","yoast_head_json":{"title":"RGPD - Envinor - Regulamento Geral de Prote\u00e7\u00e3o de Dados","description":"RGPD - Garantimos que o titular dos dados ter\u00e1 todos os direitos consagrados ao mesmo no Regulamento Geral de Prote\u00e7\u00e3o de Dados.","robots":{"index":"index","follow":"follow","max-snippet":"max-snippet:-1","max-image-preview":"max-image-preview:large","max-video-preview":"max-video-preview:-1"},"canonical":"https:\/\/envinor.com\/?page_id=1243","og_locale":"pt_PT","og_type":"article","og_title":"RGPD - Envinor - Regulamento Geral de Prote\u00e7\u00e3o de Dados","og_description":"RGPD - Garantimos que o titular dos dados ter\u00e1 todos os direitos consagrados ao mesmo no Regulamento Geral de Prote\u00e7\u00e3o de Dados.","og_url":"https:\/\/envinor.com\/?page_id=1243","og_site_name":"Envinor","article_modified_time":"2020-11-12T10:43:28+00:00","twitter_card":"summary_large_image","twitter_misc":{"Tempo estimado de leitura":"1 minuto"},"schema":{"@context":"https:\/\/schema.org","@graph":[{"@type":"WebPage","@id":"https:\/\/envinor.com\/?page_id=1243","url":"https:\/\/envinor.com\/?page_id=1243","name":"RGPD - Envinor - Regulamento Geral de Prote\u00e7\u00e3o de Dados","isPartOf":{"@id":"https:\/\/envinor.com\/#website"},"datePublished":"2020-11-04T09:53:33+00:00","dateModified":"2020-11-12T10:43:28+00:00","description":"RGPD - Garantimos que o titular dos dados ter\u00e1 todos os direitos consagrados ao mesmo no Regulamento Geral de Prote\u00e7\u00e3o de Dados.","breadcrumb":{"@id":"https:\/\/envinor.com\/?page_id=1243#breadcrumb"},"inLanguage":"pt-PT","potentialAction":[{"@type":"ReadAction","target":["https:\/\/envinor.com\/?page_id=1243"]}]},{"@type":"BreadcrumbList","@id":"https:\/\/envinor.com\/?page_id=1243#breadcrumb","itemListElement":[{"@type":"ListItem","position":1,"name":"In\u00edcio","item":"https:\/\/envinor.com\/"},{"@type":"ListItem","position":2,"name":"RGPD"}]},{"@type":"WebSite","@id":"https:\/\/envinor.com\/#website","url":"https:\/\/envinor.com\/","name":"Envinor","description":"Empresa de Vidros do Norte","potentialAction":[{"@type":"SearchAction","target":{"@type":"EntryPoint","urlTemplate":"https:\/\/envinor.com\/?s={search_term_string}"},"query-input":{"@type":"PropertyValueSpecification","valueRequired":true,"valueName":"search_term_string"}}],"inLanguage":"pt-PT"}]}},"_links":{"self":[{"href":"https:\/\/envinor.com\/index.php?rest_route=\/wp\/v2\/pages\/1243","targetHints":{"allow":["GET"]}}],"collection":[{"href":"https:\/\/envinor.com\/index.php?rest_route=\/wp\/v2\/pages"}],"about":[{"href":"https:\/\/envinor.com\/index.php?rest_route=\/wp\/v2\/types\/page"}],"author":[{"embeddable":true,"href":"https:\/\/envinor.com\/index.php?rest_route=\/wp\/v2\/users\/1"}],"replies":[{"embeddable":true,"href":"https:\/\/envinor.com\/index.php?rest_route=%2Fwp%2Fv2%2Fcomments&post=1243"}],"version-history":[{"count":2,"href":"https:\/\/envinor.com\/index.php?rest_route=\/wp\/v2\/pages\/1243\/revisions"}],"predecessor-version":[{"id":1335,"href":"https:\/\/envinor.com\/index.php?rest_route=\/wp\/v2\/pages\/1243\/revisions\/1335"}],"wp:attachment":[{"href":"https:\/\/envinor.com\/index.php?rest_route=%2Fwp%2Fv2%2Fmedia&parent=1243"}],"curies":[{"name":"wp","href":"https:\/\/api.w.org\/{rel}","templated":true}]}}