{"id":1231,"date":"2020-11-03T17:56:27","date_gmt":"2020-11-03T17:56:27","guid":{"rendered":"https:\/\/envinor.com\/teste\/?page_id=1231"},"modified":"2020-11-18T18:23:12","modified_gmt":"2020-11-18T18:23:12","slug":"catalogo","status":"publish","type":"page","link":"https:\/\/envinor.com\/?page_id=1231","title":{"rendered":"Cat\u00e1logo"},"content":{"rendered":"<div class=\"wpb-content-wrapper\"><p>[vc_row][vc_column width=&#8221;1\/2&#8243;][vc_single_image image=&#8221;1235&#8243; img_size=&#8221;full&#8221;][\/vc_column][vc_column width=&#8221;1\/2&#8243;][vc_empty_space height=&#8221;100&#8243;]<h1 class='heading-middle  style-1' ><span>Preencha o formul\u00e1rio para receber o nosso cat\u00e1logo<\/span><\/h1>\n<div class=\"wpcf7 no-js\" id=\"wpcf7-f1239-o1\" lang=\"en-US\" dir=\"ltr\" data-wpcf7-id=\"1239\">\n<div class=\"screen-reader-response\"><p role=\"status\" aria-live=\"polite\" aria-atomic=\"true\"><\/p> <ul><\/ul><\/div>\n<form action=\"\/index.php?rest_route=%2Fwp%2Fv2%2Fpages%2F1231#wpcf7-f1239-o1\" method=\"post\" class=\"wpcf7-form init\" aria-label=\"Contact form\" novalidate=\"novalidate\" data-status=\"init\">\n<fieldset class=\"hidden-fields-container\"><input type=\"hidden\" name=\"_wpcf7\" value=\"1239\" \/><input type=\"hidden\" name=\"_wpcf7_version\" value=\"6.1\" \/><input type=\"hidden\" name=\"_wpcf7_locale\" value=\"en_US\" \/><input type=\"hidden\" name=\"_wpcf7_unit_tag\" value=\"wpcf7-f1239-o1\" \/><input type=\"hidden\" name=\"_wpcf7_container_post\" value=\"0\" \/><input type=\"hidden\" name=\"_wpcf7_posted_data_hash\" value=\"\" \/>\n<\/fieldset>\n<div class=\"col-sm-12 noleftpadding\">\n\t<p><span class=\"wpcf7-form-control-wrap\" data-name=\"your-name\"><input size=\"40\" maxlength=\"400\" class=\"wpcf7-form-control wpcf7-text wpcf7-validates-as-required\" aria-required=\"true\" aria-invalid=\"false\" placeholder=\"Nome*\" value=\"\" type=\"text\" name=\"your-name\" \/><\/span>\n\t<\/p>\n\t<p><span class=\"wpcf7-form-control-wrap\" data-name=\"your-email\"><input size=\"40\" maxlength=\"400\" class=\"wpcf7-form-control wpcf7-email wpcf7-validates-as-required wpcf7-text wpcf7-validates-as-email\" aria-required=\"true\" aria-invalid=\"false\" placeholder=\"E-mail*\" value=\"\" type=\"email\" name=\"your-email\" \/><\/span>\n\t<\/p>\n\t<p><span class=\"wpcf7-form-control-wrap\" data-name=\"your-subject\"><input size=\"40\" maxlength=\"400\" class=\"wpcf7-form-control wpcf7-text\" aria-invalid=\"false\" placeholder=\"Empresa\" value=\"\" type=\"text\" name=\"your-subject\" \/><\/span>\n\t<\/p>\n\t<p><span class=\"wpcf7-form-control-wrap\" data-name=\"tele\"><input size=\"40\" maxlength=\"400\" class=\"wpcf7-form-control wpcf7-text\" aria-invalid=\"false\" value=\"Telem\u00f3vel\" type=\"text\" name=\"tele\" \/><\/span>\n\t<\/p>\n\t<p><span class=\"wpcf7-form-control-wrap\" data-name=\"acceptance-810\"><span class=\"wpcf7-form-control wpcf7-acceptance\"><span class=\"wpcf7-list-item\"><label><input type=\"checkbox\" name=\"acceptance-810\" value=\"1\" aria-invalid=\"false\" \/><span class=\"wpcf7-list-item-label\">Quero receber cat\u00e1logo da Envinor<\/span><\/label><\/span><\/span><\/span>\n\t<\/p>\n\t<p style=font-size:10px;\">NOTA: Os dados preenchidos neste formul\u00e1rio ser\u00e3o apenas utilizados pela nossa empresa em comunica\u00e7\u00f5es consigo. N\u00e3o ser\u00e3o fornecidos a terceiros sem o seu expresso consentimento.\n\t<\/p>\n\t<p><input class=\"wpcf7-form-control wpcf7-submit has-spinner\" type=\"submit\" value=\"ENVIAR\" \/>\n\t<\/p>\n<\/div><div class=\"wpcf7-response-output\" aria-hidden=\"true\"><\/div>\n<\/form>\n<\/div>\n[\/vc_column][\/vc_row]<\/p>\n<\/div>","protected":false},"excerpt":{"rendered":"<p>[vc_row][vc_column width=&#8221;1\/2&#8243;][vc_single_image image=&#8221;1235&#8243; img_size=&#8221;full&#8221;][\/vc_column][vc_column width=&#8221;1\/2&#8243;][vc_empty_space height=&#8221;100&#8243;][\/vc_column][\/vc_row]<\/p>\n","protected":false},"author":1,"featured_media":1224,"parent":0,"menu_order":0,"comment_status":"closed","ping_status":"closed","template":"","meta":{"footnotes":""},"class_list":["post-1231","page","type-page","status-publish","has-post-thumbnail","hentry"],"yoast_head":"<!-- This site is optimized with the Yoast SEO plugin v25.3.1 - https:\/\/yoast.com\/wordpress\/plugins\/seo\/ -->\n<title>Cat\u00e1logo Eletr\u00f3nico - Envinor - Empresa de Vidros do Norte<\/title>\n<meta name=\"description\" content=\"Cat\u00e1logo Envinor - O nosso cat\u00e1logo completo em formato eletr\u00f3nico. Preencha o formul\u00e1rio para o receber imediatamente.\" \/>\n<meta name=\"robots\" content=\"index, follow, max-snippet:-1, max-image-preview:large, max-video-preview:-1\" \/>\n<link rel=\"canonical\" href=\"https:\/\/envinor.com\/?page_id=1231\" \/>\n<meta property=\"og:locale\" content=\"pt_PT\" \/>\n<meta property=\"og:type\" content=\"article\" \/>\n<meta property=\"og:title\" content=\"Cat\u00e1logo Eletr\u00f3nico - Envinor - Empresa de Vidros do Norte\" \/>\n<meta property=\"og:description\" content=\"Cat\u00e1logo Envinor - O nosso cat\u00e1logo completo em formato eletr\u00f3nico. Preencha o formul\u00e1rio para o receber imediatamente.\" \/>\n<meta property=\"og:url\" content=\"https:\/\/envinor.com\/?page_id=1231\" \/>\n<meta property=\"og:site_name\" content=\"Envinor\" \/>\n<meta property=\"article:modified_time\" content=\"2020-11-18T18:23:12+00:00\" \/>\n<meta property=\"og:image\" content=\"https:\/\/envinor.com\/wp-content\/uploads\/2020\/11\/guarda-varanda-vidro-laminado-6.6mm-incolor-calha-aluminio-lacada-sable-noir-900.jpg\" \/>\n\t<meta property=\"og:image:width\" content=\"837\" \/>\n\t<meta property=\"og:image:height\" content=\"589\" \/>\n\t<meta property=\"og:image:type\" content=\"image\/jpeg\" \/>\n<meta name=\"twitter:card\" content=\"summary_large_image\" \/>\n<script type=\"application\/ld+json\" class=\"yoast-schema-graph\">{\"@context\":\"https:\/\/schema.org\",\"@graph\":[{\"@type\":\"WebPage\",\"@id\":\"https:\/\/envinor.com\/?page_id=1231\",\"url\":\"https:\/\/envinor.com\/?page_id=1231\",\"name\":\"Cat\u00e1logo Eletr\u00f3nico - Envinor - Empresa de Vidros do Norte\",\"isPartOf\":{\"@id\":\"https:\/\/envinor.com\/#website\"},\"primaryImageOfPage\":{\"@id\":\"https:\/\/envinor.com\/?page_id=1231#primaryimage\"},\"image\":{\"@id\":\"https:\/\/envinor.com\/?page_id=1231#primaryimage\"},\"thumbnailUrl\":\"https:\/\/envinor.com\/wp-content\/uploads\/2020\/11\/guarda-varanda-vidro-laminado-6.6mm-incolor-calha-aluminio-lacada-sable-noir-900.jpg\",\"datePublished\":\"2020-11-03T17:56:27+00:00\",\"dateModified\":\"2020-11-18T18:23:12+00:00\",\"description\":\"Cat\u00e1logo Envinor - O nosso cat\u00e1logo completo em formato eletr\u00f3nico. Preencha o formul\u00e1rio para o receber imediatamente.\",\"breadcrumb\":{\"@id\":\"https:\/\/envinor.com\/?page_id=1231#breadcrumb\"},\"inLanguage\":\"pt-PT\",\"potentialAction\":[{\"@type\":\"ReadAction\",\"target\":[\"https:\/\/envinor.com\/?page_id=1231\"]}]},{\"@type\":\"ImageObject\",\"inLanguage\":\"pt-PT\",\"@id\":\"https:\/\/envinor.com\/?page_id=1231#primaryimage\",\"url\":\"https:\/\/envinor.com\/wp-content\/uploads\/2020\/11\/guarda-varanda-vidro-laminado-6.6mm-incolor-calha-aluminio-lacada-sable-noir-900.jpg\",\"contentUrl\":\"https:\/\/envinor.com\/wp-content\/uploads\/2020\/11\/guarda-varanda-vidro-laminado-6.6mm-incolor-calha-aluminio-lacada-sable-noir-900.jpg\",\"width\":837,\"height\":589,\"caption\":\"Envinor - Empresa de Vidros do Norte\"},{\"@type\":\"BreadcrumbList\",\"@id\":\"https:\/\/envinor.com\/?page_id=1231#breadcrumb\",\"itemListElement\":[{\"@type\":\"ListItem\",\"position\":1,\"name\":\"In\u00edcio\",\"item\":\"https:\/\/envinor.com\/\"},{\"@type\":\"ListItem\",\"position\":2,\"name\":\"Cat\u00e1logo\"}]},{\"@type\":\"WebSite\",\"@id\":\"https:\/\/envinor.com\/#website\",\"url\":\"https:\/\/envinor.com\/\",\"name\":\"Envinor\",\"description\":\"Empresa de Vidros do Norte\",\"potentialAction\":[{\"@type\":\"SearchAction\",\"target\":{\"@type\":\"EntryPoint\",\"urlTemplate\":\"https:\/\/envinor.com\/?s={search_term_string}\"},\"query-input\":{\"@type\":\"PropertyValueSpecification\",\"valueRequired\":true,\"valueName\":\"search_term_string\"}}],\"inLanguage\":\"pt-PT\"}]}<\/script>\n<!-- \/ Yoast SEO plugin. -->","yoast_head_json":{"title":"Cat\u00e1logo Eletr\u00f3nico - Envinor - Empresa de Vidros do Norte","description":"Cat\u00e1logo Envinor - O nosso cat\u00e1logo completo em formato eletr\u00f3nico. Preencha o formul\u00e1rio para o receber imediatamente.","robots":{"index":"index","follow":"follow","max-snippet":"max-snippet:-1","max-image-preview":"max-image-preview:large","max-video-preview":"max-video-preview:-1"},"canonical":"https:\/\/envinor.com\/?page_id=1231","og_locale":"pt_PT","og_type":"article","og_title":"Cat\u00e1logo Eletr\u00f3nico - Envinor - Empresa de Vidros do Norte","og_description":"Cat\u00e1logo Envinor - O nosso cat\u00e1logo completo em formato eletr\u00f3nico. Preencha o formul\u00e1rio para o receber imediatamente.","og_url":"https:\/\/envinor.com\/?page_id=1231","og_site_name":"Envinor","article_modified_time":"2020-11-18T18:23:12+00:00","og_image":[{"width":837,"height":589,"url":"https:\/\/envinor.com\/wp-content\/uploads\/2020\/11\/guarda-varanda-vidro-laminado-6.6mm-incolor-calha-aluminio-lacada-sable-noir-900.jpg","type":"image\/jpeg"}],"twitter_card":"summary_large_image","schema":{"@context":"https:\/\/schema.org","@graph":[{"@type":"WebPage","@id":"https:\/\/envinor.com\/?page_id=1231","url":"https:\/\/envinor.com\/?page_id=1231","name":"Cat\u00e1logo Eletr\u00f3nico - Envinor - Empresa de Vidros do Norte","isPartOf":{"@id":"https:\/\/envinor.com\/#website"},"primaryImageOfPage":{"@id":"https:\/\/envinor.com\/?page_id=1231#primaryimage"},"image":{"@id":"https:\/\/envinor.com\/?page_id=1231#primaryimage"},"thumbnailUrl":"https:\/\/envinor.com\/wp-content\/uploads\/2020\/11\/guarda-varanda-vidro-laminado-6.6mm-incolor-calha-aluminio-lacada-sable-noir-900.jpg","datePublished":"2020-11-03T17:56:27+00:00","dateModified":"2020-11-18T18:23:12+00:00","description":"Cat\u00e1logo Envinor - O nosso cat\u00e1logo completo em formato eletr\u00f3nico. Preencha o formul\u00e1rio para o receber imediatamente.","breadcrumb":{"@id":"https:\/\/envinor.com\/?page_id=1231#breadcrumb"},"inLanguage":"pt-PT","potentialAction":[{"@type":"ReadAction","target":["https:\/\/envinor.com\/?page_id=1231"]}]},{"@type":"ImageObject","inLanguage":"pt-PT","@id":"https:\/\/envinor.com\/?page_id=1231#primaryimage","url":"https:\/\/envinor.com\/wp-content\/uploads\/2020\/11\/guarda-varanda-vidro-laminado-6.6mm-incolor-calha-aluminio-lacada-sable-noir-900.jpg","contentUrl":"https:\/\/envinor.com\/wp-content\/uploads\/2020\/11\/guarda-varanda-vidro-laminado-6.6mm-incolor-calha-aluminio-lacada-sable-noir-900.jpg","width":837,"height":589,"caption":"Envinor - Empresa de Vidros do Norte"},{"@type":"BreadcrumbList","@id":"https:\/\/envinor.com\/?page_id=1231#breadcrumb","itemListElement":[{"@type":"ListItem","position":1,"name":"In\u00edcio","item":"https:\/\/envinor.com\/"},{"@type":"ListItem","position":2,"name":"Cat\u00e1logo"}]},{"@type":"WebSite","@id":"https:\/\/envinor.com\/#website","url":"https:\/\/envinor.com\/","name":"Envinor","description":"Empresa de Vidros do Norte","potentialAction":[{"@type":"SearchAction","target":{"@type":"EntryPoint","urlTemplate":"https:\/\/envinor.com\/?s={search_term_string}"},"query-input":{"@type":"PropertyValueSpecification","valueRequired":true,"valueName":"search_term_string"}}],"inLanguage":"pt-PT"}]}},"_links":{"self":[{"href":"https:\/\/envinor.com\/index.php?rest_route=\/wp\/v2\/pages\/1231","targetHints":{"allow":["GET"]}}],"collection":[{"href":"https:\/\/envinor.com\/index.php?rest_route=\/wp\/v2\/pages"}],"about":[{"href":"https:\/\/envinor.com\/index.php?rest_route=\/wp\/v2\/types\/page"}],"author":[{"embeddable":true,"href":"https:\/\/envinor.com\/index.php?rest_route=\/wp\/v2\/users\/1"}],"replies":[{"embeddable":true,"href":"https:\/\/envinor.com\/index.php?rest_route=%2Fwp%2Fv2%2Fcomments&post=1231"}],"version-history":[{"count":1,"href":"https:\/\/envinor.com\/index.php?rest_route=\/wp\/v2\/pages\/1231\/revisions"}],"predecessor-version":[{"id":1314,"href":"https:\/\/envinor.com\/index.php?rest_route=\/wp\/v2\/pages\/1231\/revisions\/1314"}],"wp:featuredmedia":[{"embeddable":true,"href":"https:\/\/envinor.com\/index.php?rest_route=\/wp\/v2\/media\/1224"}],"wp:attachment":[{"href":"https:\/\/envinor.com\/index.php?rest_route=%2Fwp%2Fv2%2Fmedia&parent=1231"}],"curies":[{"name":"wp","href":"https:\/\/api.w.org\/{rel}","templated":true}]}}